{"id":10687,"date":"2018-11-07T12:36:27","date_gmt":"2018-11-07T11:36:27","guid":{"rendered":"http:\/\/www.efnweb.be\/?page_id=10687"},"modified":"2023-03-02T16:38:54","modified_gmt":"2023-03-02T14:38:54","slug":"smart4health-citizen-centred-eu-ehr-exchange-for-personalised-health","status":"publish","type":"page","link":"https:\/\/efn.eu\/?page_id=10687","title":{"rendered":"Smart4Health &#8211; Citizen-Centred EU-EHR Exchange for Personalised Health"},"content":{"rendered":"\t\t<div data-elementor-type=\"wp-page\" data-elementor-id=\"10687\" class=\"elementor elementor-10687\">\n\t\t\t\t\t\t<section class=\"penci-section penci-disSticky penci-structure-10 elementor-section elementor-top-section elementor-element elementor-element-6dd6eec2 elementor-section-boxed elementor-section-height-default elementor-section-height-default\" data-id=\"6dd6eec2\" data-element_type=\"section\">\n\t\t\t\t\t\t<div class=\"elementor-container elementor-column-gap-default\">\n\t\t\t\t\t<div class=\"penci-ercol-100 penci-ercol-order-1 penci-sticky-ct  elementor-column elementor-col-100 elementor-top-column elementor-element elementor-element-16b175b1\" data-id=\"16b175b1\" data-element_type=\"column\">\n\t\t\t<div class=\"elementor-widget-wrap elementor-element-populated\">\n\t\t\t\t\t\t<div class=\"elementor-element elementor-element-65e6628b elementor-widget elementor-widget-text-editor\" data-id=\"65e6628b\" data-element_type=\"widget\" data-widget_type=\"text-editor.default\">\n\t\t\t\t<div class=\"elementor-widget-container\">\n\t\t\t\t\t\t\t\t\t<p><img decoding=\"async\" data-recalc-dims=\"1\" class=\"alignleft size-medium wp-image-13276\" src=\"https:\/\/i0.wp.com\/efn.eu\/wp-content\/uploads\/2021\/03\/S4H-Logo-Full.jpg?resize=300%2C38\" alt=\"\" width=\"300\" height=\"38\" srcset=\"https:\/\/i0.wp.com\/efn.eu\/wp-content\/uploads\/2021\/03\/S4H-Logo-Full.jpg?w=960&amp;ssl=1 960w, https:\/\/i0.wp.com\/efn.eu\/wp-content\/uploads\/2021\/03\/S4H-Logo-Full.jpg?resize=300%2C38&amp;ssl=1 300w, https:\/\/i0.wp.com\/efn.eu\/wp-content\/uploads\/2021\/03\/S4H-Logo-Full.jpg?resize=768%2C96&amp;ssl=1 768w, https:\/\/i0.wp.com\/efn.eu\/wp-content\/uploads\/2021\/03\/S4H-Logo-Full.jpg?resize=585%2C73&amp;ssl=1 585w\" sizes=\"(max-width: 300px) 100vw, 300px\" \/>Large amounts of valuable citizen\u2019s health data are generated and collected among several hospitals and healthcare providers across Europe. However, opportunities to reuse these data for research and better healthcare are often missed because health data continues to be confined in data silos, often not matching semantic standards, quality needs and safe data exchange. With 24 official languages spoken across the EU Member States, the EU eHealth interoperability task is even more difficult.<\/p><p style=\"text-align: justify;\">The European Commission 2017 <a href=\"https:\/\/ec.europa.eu\/transparency\/regdoc\/rep\/1\/2017\/EN\/COM-2017-228-F1-EN-MAIN-PART-1.PDF\">review<\/a> of the Digital Single Market lists three priorities:<\/p><ol><li style=\"text-align: justify;\">Citizens\u00b4 secure access to electronic health records and the possibility to share it across borders;<\/li><li style=\"text-align: justify;\">Supporting data infrastructure, to advance research, disease prevention and personalised health and care;<\/li><li style=\"text-align: justify;\">Facilitating feedback and interaction between patients and healthcare providers, to support prevention and citizen empowerment as well as quality and patient-centred care.<\/li><\/ol><p style=\"text-align: justify;\">This <a href=\"https:\/\/www.smart4health.eu\/\" target=\"_blank\" rel=\"noopener\">Smart4Health<\/a> EU project &#8211; coordinated by UNINOVA (Instituto de Desenvolvimento de Novas Tecnologias (Portugal) &#8211; will address these priorities with an outstanding consortium that will develop, test and validate a platform prototype for the Smart4Health citizen-centred health record EU-EHR exchange. This will pave the way for the full deployment of citizen-centred solutions and services in a digital single market for wellbeing and healthcare, through an easy-to-use, secure, constantly accessible and portable health data and services prototype, thus advancing citizens&#8217; health and wellbeing, and digital health innovation.<\/p><p style=\"text-align: justify;\"><strong>Partners: <\/strong>Instituto De Desenvolvimento De Novas Tecnologias-Associacao (PT); Hasso-Plattner-Institut For Digital Engineering Ggmbh (DE); Hps Gesundheitscloud Ggmbh (DE); Hpihs Gmbh (DE) Universitat Wien (Austria); Universitaetsklinikum Aachen (DE) Academisch Ziekenhuis Maastricht (NL); Information Technology For Translational Medicine (Ittm) Sa (LU); Knowledgebiz Consulting-Sociedade De Consultoria Em Gestao Lda (PT); Universite Du Luxembourg (Lu); Icahn School Of Medicine At Mount Sinai (US); Zs Unternehmen Gesundheit (DE); Ospedale San Raffaele Srl (IT); St\u00ebftung H\u00ebllef Doheem (Luxembourg); Conf\u00e9d\u00e9ration Fran\u00e7aise Des Retrait\u00e9s (FR); Federation Europeenne Des Associations Infirmieres Aisbl (BE); Secretaria Regional Da Economia,Turismo e Cultura (PT); Laboratoire Virtuel Europeen Dans Le Domaine De L&#8217;interoperabilite Des Entreprises (BE).<\/p><p><strong>&gt;&gt; See <a href=\"https:\/\/smart4health.eu\/listofkers\/\" target=\"_blank\" rel=\"noopener\">here<\/a> the Key Exploitable Results (KERs) of the project<\/strong><\/p><p><strong>&gt;&gt; See <a href=\"https:\/\/smart4health.eu\/deliverables\/\" target=\"_blank\" rel=\"noopener\">here<\/a> the project Deliverables<\/strong><\/p><p><strong>&gt;&gt; See <a href=\"https:\/\/smart4health.eu\/news\/publications\/\" target=\"_blank\" rel=\"noopener\">here<\/a> the project key Publications<\/strong><\/p><div class=\"\" dir=\"auto\"><div id=\"jsc_c_3p\" class=\"x1iorvi4 x1pi30zi x1swvt13 x1l90r2v\" data-ad-comet-preview=\"message\" data-ad-preview=\"message\"><div class=\"x78zum5 xdt5ytf xz62fqu x16ldp7u\"><div class=\"xu06os2 x1ok221b\"><div class=\"x11i5rnm xat24cr x1mh8g0r x1vvkbs xdj266r x126k92a\"><div dir=\"auto\">\u00a0<\/div><div dir=\"auto\"><strong>&gt;&gt; 28 February 2023 &#8211; The project just ended.<\/strong> On this occasion, the <strong>EFN has interviewed some of the partners<\/strong> of this 4-year project to better understand the next steps and progress on this digitalisation process which encompasses the healthcare system in the EU. <strong>See it <a href=\"https:\/\/www.youtube.com\/watch?v=WA9zTJPOBAA\" target=\"_blank\" rel=\"noopener\">here<\/a><\/strong> <em>(EFN youtube channel)<\/em>.<\/div><\/div><div class=\"x11i5rnm xat24cr x1mh8g0r x1vvkbs xtlvy1s x126k92a\"><div dir=\"auto\">\u00a0<\/div><\/div><\/div><\/div><\/div><\/div>\t\t\t\t\t\t\t\t<\/div>\n\t\t\t\t<\/div>\n\t\t\t\t\t<\/div>\n\t\t<\/div>\n\t\t\t\t\t<\/div>\n\t\t<\/section>\n\t\t\t\t<\/div>\n\t\t","protected":false},"excerpt":{"rendered":"<p>Large amounts of valuable citizen\u2019s health data are generated and&hellip;<\/p>\n","protected":false},"author":3,"featured_media":0,"parent":0,"menu_order":0,"comment_status":"closed","ping_status":"closed","template":"","meta":{"footnotes":""},"class_list":["post-10687","page","type-page","status-publish","hentry"],"jetpack-related-posts":[],"jetpack_sharing_enabled":true,"_links":{"self":[{"href":"https:\/\/efn.eu\/index.php?rest_route=\/wp\/v2\/pages\/10687","targetHints":{"allow":["GET"]}}],"collection":[{"href":"https:\/\/efn.eu\/index.php?rest_route=\/wp\/v2\/pages"}],"about":[{"href":"https:\/\/efn.eu\/index.php?rest_route=\/wp\/v2\/types\/page"}],"author":[{"embeddable":true,"href":"https:\/\/efn.eu\/index.php?rest_route=\/wp\/v2\/users\/3"}],"replies":[{"embeddable":true,"href":"https:\/\/efn.eu\/index.php?rest_route=%2Fwp%2Fv2%2Fcomments&post=10687"}],"version-history":[{"count":9,"href":"https:\/\/efn.eu\/index.php?rest_route=\/wp\/v2\/pages\/10687\/revisions"}],"predecessor-version":[{"id":15620,"href":"https:\/\/efn.eu\/index.php?rest_route=\/wp\/v2\/pages\/10687\/revisions\/15620"}],"wp:attachment":[{"href":"https:\/\/efn.eu\/index.php?rest_route=%2Fwp%2Fv2%2Fmedia&parent=10687"}],"curies":[{"name":"wp","href":"https:\/\/api.w.org\/{rel}","templated":true}]}}